{"id":73485,"date":"2022-01-25T14:50:38","date_gmt":"2022-01-25T12:50:38","guid":{"rendered":"https:\/\/www.voodoo.lt\/reviews"},"modified":"2022-06-15T13:03:17","modified_gmt":"2022-06-15T11:03:17","slug":"reviews","status":"publish","type":"page","link":"https:\/\/www.voodoo.lt\/en\/reviews","title":{"rendered":"Reviews"},"content":{"rendered":"<section class=\"l-section wpb_row height_auto\"><div class=\"l-section-h i-cf\"><div class=\"g-cols via_flex valign_top type_default\"><div class=\"vc_col-sm-12 vc_col-lg-4 vc_col-md-5 vc_col-xs-12 wpb_column vc_column_container theme__column column__sidebar-background background__left has_bg_color\"><div class=\"vc_column-inner us_custom_96321c09\"><div class=\"wpb_wrapper\"><div class=\"g-cols wpb_row via_flex valign_top type_default\"><div class=\"vc_col-sm-12 wpb_column vc_column_container\"><div class=\"vc_column-inner\"><div class=\"wpb_wrapper\"><h1 class=\"w-post-elm post_title us_custom_22fa3828 has_text_color entry-title color_link_inherit\">Reviews<\/h1><div class=\"wpb_text_column us_custom_19f9061b has_text_color\"><div class=\"wpb_wrapper\"><p style=\"text-align: justify;\">Only those who don&#8217;t work are never wrong.<\/p>\n<p style=\"text-align: justify;\">However, it is not our mistakes that we want to share with you here, but the reviews and comments of our happy customers about our work.<\/p>\n<\/div><\/div><\/div><\/div><\/div><\/div><\/div><\/div><\/div><div class=\"vc_col-sm-12 vc_col-lg-8 vc_col-md-7 vc_col-xs-12 wpb_column vc_column_container\"><div class=\"vc_column-inner us_custom_e0f147c7\"><div class=\"wpb_wrapper\"><div class=\"g-cols wpb_row via_flex valign_top type_default\"><div class=\"vc_col-sm-12 wpb_column vc_column_container\"><div class=\"vc_column-inner\"><div class=\"wpb_wrapper\"><div class=\"w-grid type_masonry layout_72675 cols_2 with_isotope\" id=\"us_grid_1\" data-filterable=\"true\"><style>#us_grid_1 .w-grid-item{padding:0.75rem}#us_grid_1 .w-grid-list{margin:-0.75rem}.w-grid-none + #us_grid_1 .w-grid-list{margin-top:0.75rem}@media (max-width:1199px){#us_grid_1 .w-grid-list{margin:0}#us_grid_1 .w-grid-item{width:100%;padding:0;margin-bottom:0.75rem}}@media (max-width:-1px){#us_grid_1 .w-grid-list{margin:0}#us_grid_1 .w-grid-item{width:100%;padding:0;margin-bottom:0.75rem}}@media (max-width:-1px){#us_grid_1 .w-grid-list{margin:0}#us_grid_1 .w-grid-item{width:100%;padding:0;margin-bottom:0.75rem}}.layout_72675 .w-grid-item-h{}.layout_72675 .usg_vwrapper_1{padding:3rem!important;background:var(--color-content-bg-alt)!important;border:1px solid var(--color-content-border)!important}.layout_72675 .usg_hwrapper_1{margin-top:auto!important}.layout_72675 .usg_post_image_1{width:4rem!important;height:4rem!important;border:1px solid var(--color-content-border)!important}.layout_72675 .usg_post_custom_field_2{font-weight:700!important}@media (min-width:993px) and (max-width:1199px){.layout_72675 .usg_vwrapper_1{padding:3rem!important}}@media (min-width:601px) and (max-width:992px){.layout_72675 .usg_vwrapper_1{padding:1.5rem!important}}@media (max-width:600px){.layout_72675 .usg_vwrapper_1{padding:1.5rem!important}}<\/style><div class=\"w-grid-list\">\t<article class=\"w-grid-item post-73737 us_testimonial type-us_testimonial status-publish has-post-thumbnail hentry us_testimonial_category-featured-en\" data-id=\"73737\">\r\n\t\t<div class=\"w-grid-item-h\">\r\n\t\t\t\t\t\t<div class=\"w-vwrapper usg_vwrapper_1 theme__border-radius border-radius__medium no-border-radius__bottom-left grid-layout__testimonial align_none valign_top\" style=\"--vwrapper-gap:1.5rem\"><div class=\"w-post-elm post_content usg_post_content_1\"><p style=\"text-align: justify;\"><em>\u201cOur company, operating in the aviation sector, is working with VOODOO agency for a second year on recruitment and selection. VOODOO offered candidates for sellers\u2019 positions is nimble, active, motivated, and recruited employees still meet all expectations. Undoubtedly, we will work with VOODOO in the future! \u201d<\/em><\/p>\n<\/div><div class=\"w-hwrapper usg_hwrapper_1 align_none valign_top\" style=\"--hwrapper-gap:1rem\"><div class=\"w-post-elm post_image usg_post_image_1 theme__border-radius border-radius__small has_width has_height\"><img width=\"185\" height=\"128\" src=\"https:\/\/www.voodoo.lt\/wp-content\/uploads\/2022\/05\/magnetic-mro.png\" class=\"attachment-full size-full wp-post-image\" alt=\"\" loading=\"lazy\" \/><\/div><div class=\"w-vwrapper usg_vwrapper_2 align_none valign_top\" style=\"--vwrapper-gap:0px\"><div class=\"w-post-elm post_custom_field usg_post_custom_field_1 type_text\"><span class=\"w-post-elm-value\"><p>\u201cMagnetic MRO\u201d Office & HR manager<\/p>\n<\/span><\/div><div class=\"w-post-elm post_custom_field usg_post_custom_field_2 type_text\"><span class=\"w-post-elm-value\"><p>Kristina Jankauskait\u0117<\/p>\n<\/span><\/div><\/div><\/div><\/div>\t\t<\/div>\r\n\t<\/article>\r\n\t<article class=\"w-grid-item post-73739 us_testimonial type-us_testimonial status-publish has-post-thumbnail hentry\" data-id=\"73739\">\r\n\t\t<div class=\"w-grid-item-h\">\r\n\t\t\t\t\t\t<div class=\"w-vwrapper usg_vwrapper_1 theme__border-radius border-radius__medium no-border-radius__bottom-left grid-layout__testimonial align_none valign_top\" style=\"--vwrapper-gap:1.5rem\"><div class=\"w-post-elm post_content usg_post_content_1\"><p style=\"text-align: justify;\"><em>&#8220;I would like to express my sincere gratitude for your professionalism in delivering the highest level of professional recruitment. The group of companies I represent are delighted to have the opportunity to work with you and are confident that with your help &#8220;Rail Holding&#8221; will grow faster and reach new heights.&#8221;<\/em><\/p>\n<\/div><div class=\"w-hwrapper usg_hwrapper_1 align_none valign_top\" style=\"--hwrapper-gap:1rem\"><div class=\"w-post-elm post_image usg_post_image_1 theme__border-radius border-radius__small has_width has_height\"><img width=\"185\" height=\"128\" src=\"https:\/\/www.voodoo.lt\/wp-content\/uploads\/2022\/05\/railana.png\" class=\"attachment-full size-full wp-post-image\" alt=\"\" loading=\"lazy\" \/><\/div><div class=\"w-vwrapper usg_vwrapper_2 align_none valign_top\" style=\"--vwrapper-gap:0px\"><div class=\"w-post-elm post_custom_field usg_post_custom_field_1 type_text\"><span class=\"w-post-elm-value\"><p>\"Rail Holding\" chairman of the board<\/p>\n<\/span><\/div><div class=\"w-post-elm post_custom_field usg_post_custom_field_2 type_text\"><span class=\"w-post-elm-value\"><p>Aleksandras Nikolaidi<\/p>\n<\/span><\/div><\/div><\/div><\/div>\t\t<\/div>\r\n\t<\/article>\r\n\t<article class=\"w-grid-item post-73740 us_testimonial type-us_testimonial status-publish has-post-thumbnail hentry\" data-id=\"73740\">\r\n\t\t<div class=\"w-grid-item-h\">\r\n\t\t\t\t\t\t<div class=\"w-vwrapper usg_vwrapper_1 theme__border-radius border-radius__medium no-border-radius__bottom-left grid-layout__testimonial align_none valign_top\" style=\"--vwrapper-gap:1.5rem\"><div class=\"w-post-elm post_content usg_post_content_1\"><p style=\"text-align: justify;\"><em>&#8220;Working with VOODOO has been very easy and simple. What I appreciate more than anything else is the simple and friendly communication, which is what I got from working with these people. The whole team works very quickly and efficiently, and their dedicated, professional and individual approach helps them succeed in finding and recruiting the right candidates. Thank you!&#8221;<\/em><\/p>\n<\/div><div class=\"w-hwrapper usg_hwrapper_1 align_none valign_top\" style=\"--hwrapper-gap:1rem\"><div class=\"w-post-elm post_image usg_post_image_1 theme__border-radius border-radius__small has_width has_height\"><img width=\"185\" height=\"128\" src=\"https:\/\/www.voodoo.lt\/wp-content\/uploads\/2022\/05\/gf-bankas.png\" class=\"attachment-full size-full wp-post-image\" alt=\"\" loading=\"lazy\" \/><\/div><div class=\"w-vwrapper usg_vwrapper_2 align_none valign_top\" style=\"--vwrapper-gap:0px\"><div class=\"w-post-elm post_custom_field usg_post_custom_field_1 type_text\"><span class=\"w-post-elm-value\"><p>\"General financing\" HR director<\/p>\n<\/span><\/div><div class=\"w-post-elm post_custom_field usg_post_custom_field_2 type_text\"><span class=\"w-post-elm-value\"><p>J\u016brat\u0117 Janu\u0161auskien\u0117<\/p>\n<\/span><\/div><\/div><\/div><\/div>\t\t<\/div>\r\n\t<\/article>\r\n\t<article class=\"w-grid-item post-73736 us_testimonial type-us_testimonial status-publish has-post-thumbnail hentry us_testimonial_category-featured-en\" data-id=\"73736\">\r\n\t\t<div class=\"w-grid-item-h\">\r\n\t\t\t\t\t\t<div class=\"w-vwrapper usg_vwrapper_1 theme__border-radius border-radius__medium no-border-radius__bottom-left grid-layout__testimonial align_none valign_top\" style=\"--vwrapper-gap:1.5rem\"><div class=\"w-post-elm post_content usg_post_content_1\"><p style=\"text-align: justify;\"><em>&#8220;We have tested a number of candidates for a selection agency and, in the long run, were disappointed. Saulius is a professional in his field who helped us find sales and marketing specialists. Saulius always responded promptly, accurately, openly and professionally to our requests for candidates. VOODOO selection process is not standard, original methods are applied, which initially seemed unusual, but it proved successful \u2013 the selected candidates successfully work at Simplanova.&#8221;<\/em><\/p>\n<\/div><div class=\"w-hwrapper usg_hwrapper_1 align_none valign_top\" style=\"--hwrapper-gap:1rem\"><div class=\"w-post-elm post_image usg_post_image_1 theme__border-radius border-radius__small has_width has_height\"><img width=\"185\" height=\"128\" src=\"https:\/\/www.voodoo.lt\/wp-content\/uploads\/2022\/05\/simplanova.png\" class=\"attachment-full size-full wp-post-image\" alt=\"\" loading=\"lazy\" \/><\/div><div class=\"w-vwrapper usg_vwrapper_2 align_none valign_top\" style=\"--vwrapper-gap:0px\"><div class=\"w-post-elm post_custom_field usg_post_custom_field_1 type_text\"><span class=\"w-post-elm-value\"><p>\"Simplanova\" owner<\/p>\n<\/span><\/div><div class=\"w-post-elm post_custom_field usg_post_custom_field_2 type_text\"><span class=\"w-post-elm-value\"><p>Petras But\u0117nas<\/p>\n<\/span><\/div><\/div><\/div><\/div>\t\t<\/div>\r\n\t<\/article>\r\n\t<article class=\"w-grid-item post-73738 us_testimonial type-us_testimonial status-publish has-post-thumbnail hentry us_testimonial_category-featured-en\" data-id=\"73738\">\r\n\t\t<div class=\"w-grid-item-h\">\r\n\t\t\t\t\t\t<div class=\"w-vwrapper usg_vwrapper_1 theme__border-radius border-radius__medium no-border-radius__bottom-left grid-layout__testimonial align_none valign_top\" style=\"--vwrapper-gap:1.5rem\"><div class=\"w-post-elm post_content usg_post_content_1\"><p style=\"text-align: justify;\"><em>&#8220;VOODOO helped us select new professionals for our team. It was extremely smooth, extremely easy and very effective at the time. VOODOO found the right people faster than we could imagine.&#8221;<\/em><\/p>\n<\/div><div class=\"w-hwrapper usg_hwrapper_1 align_none valign_top\" style=\"--hwrapper-gap:1rem\"><div class=\"w-post-elm post_image usg_post_image_1 theme__border-radius border-radius__small has_width has_height\"><img width=\"185\" height=\"128\" src=\"https:\/\/www.voodoo.lt\/wp-content\/uploads\/2022\/05\/confinn.png\" class=\"attachment-full size-full wp-post-image\" alt=\"\" loading=\"lazy\" \/><\/div><div class=\"w-vwrapper usg_vwrapper_2 align_none valign_top\" style=\"--vwrapper-gap:0px\"><div class=\"w-post-elm post_custom_field usg_post_custom_field_1 type_text\"><span class=\"w-post-elm-value\"><p>\u201cConfinn\u201d JSC (Excecutive conference EBIT, Sales Formula, etc.) director<\/p>\n<\/span><\/div><div class=\"w-post-elm post_custom_field usg_post_custom_field_2 type_text\"><span class=\"w-post-elm-value\"><p>Dainius Baltru\u0161aitis<\/p>\n<\/span><\/div><\/div><\/div><\/div>\t\t<\/div>\r\n\t<\/article>\r\n\t<article class=\"w-grid-item post-73735 us_testimonial type-us_testimonial status-publish has-post-thumbnail hentry us_testimonial_category-featured-en\" data-id=\"73735\">\r\n\t\t<div class=\"w-grid-item-h\">\r\n\t\t\t\t\t\t<div class=\"w-vwrapper usg_vwrapper_1 theme__border-radius border-radius__medium no-border-radius__bottom-left grid-layout__testimonial align_none valign_top\" style=\"--vwrapper-gap:1.5rem\"><div class=\"w-post-elm post_content usg_post_content_1\"><p style=\"text-align: justify;\"><em>\u201cIt\u2019s a pleasure to work with VOODOO. In this difficult time, when there is a significant shortage of good employees on the market, especially in the area of sales, it is very important to have a partner, who can find the right employee for you in a professional way! Working with VOODOO<strong>\u00a0<\/strong>feels great behind us, allowing us to make ambitious development decisions! The VOODOO<strong>\u00a0<\/strong>team listens to our needs, starts to \u201clive\u201d with the company and is constantly around! After the recruitment of a new member of the team, VOODOO directly involves themselves in the process of them introduction, provides external feedback, which greatly increases the likelihood of an employee remaining in the company. We are very pleased with the partnership with VOODOO! They are real experts in their field!\u201d<\/em><\/p>\n<\/div><div class=\"w-hwrapper usg_hwrapper_1 align_none valign_top\" style=\"--hwrapper-gap:1rem\"><div class=\"w-post-elm post_image usg_post_image_1 theme__border-radius border-radius__small has_width has_height\"><img width=\"200\" height=\"200\" src=\"https:\/\/www.voodoo.lt\/wp-content\/uploads\/2022\/02\/abipa.jpg\" class=\"attachment-full size-full wp-post-image\" alt=\"\" loading=\"lazy\" srcset=\"https:\/\/www.voodoo.lt\/wp-content\/uploads\/2022\/02\/abipa.jpg 200w, https:\/\/www.voodoo.lt\/wp-content\/uploads\/2022\/02\/abipa-150x150.jpg 150w\" sizes=\"(max-width: 200px) 100vw, 200px\" \/><\/div><div class=\"w-vwrapper usg_vwrapper_2 align_none valign_top\" style=\"--vwrapper-gap:0px\"><div class=\"w-post-elm post_custom_field usg_post_custom_field_1 type_text\"><span class=\"w-post-elm-value\"><p>\"Abipa Holding\" chairman of the board<\/p>\n<\/span><\/div><div class=\"w-post-elm post_custom_field usg_post_custom_field_2 type_text\"><span class=\"w-post-elm-value\"><p>Algirdas Berde\u0161ius<\/p>\n<\/span><\/div><\/div><\/div><\/div>\t\t<\/div>\r\n\t<\/article>\r\n<\/div><div class=\"w-grid-preloader\"><div class=\"g-preloader type_1\">\r\n\t<div><\/div>\r\n<\/div>\r\n<\/div>\t<div class=\"w-grid-json hidden\" onclick='return {&quot;action&quot;:&quot;us_ajax_grid&quot;,&quot;ajax_url&quot;:&quot;https:\\\/\\\/www.voodoo.lt\\\/wp-admin\\\/admin-ajax.php&quot;,&quot;infinite_scroll&quot;:0,&quot;max_num_pages&quot;:1,&quot;pagination&quot;:&quot;none&quot;,&quot;permalink_url&quot;:&quot;https:\\\/\\\/www.voodoo.lt\\\/en\\\/wp-json\\\/wp\\\/v2\\\/pages\\\/73485&quot;,&quot;template_vars&quot;:{&quot;columns&quot;:&quot;2&quot;,&quot;exclude_items&quot;:&quot;none&quot;,&quot;img_size&quot;:&quot;default&quot;,&quot;ignore_items_size&quot;:false,&quot;items_layout&quot;:&quot;72675&quot;,&quot;items_offset&quot;:&quot;1&quot;,&quot;load_animation&quot;:&quot;none&quot;,&quot;overriding_link&quot;:&quot;none&quot;,&quot;post_id&quot;:73485,&quot;query_args&quot;:{&quot;post_type&quot;:[&quot;us_testimonial&quot;],&quot;post_status&quot;:[&quot;publish&quot;,&quot;acf-disabled&quot;],&quot;posts_per_page&quot;:999},&quot;orderby_query_args&quot;:{&quot;orderby&quot;:{&quot;modified&quot;:&quot;ASC&quot;,&quot;date&quot;:&quot;ASC&quot;}},&quot;type&quot;:&quot;masonry&quot;,&quot;us_grid_ajax_index&quot;:1,&quot;us_grid_filter_params&quot;:null,&quot;us_grid_index&quot;:1,&quot;_us_grid_post_type&quot;:&quot;us_testimonial&quot;,&quot;lang&quot;:&quot;en&quot;}}'><\/div>\r\n\t<\/div><\/div><\/div><\/div><\/div><\/div><\/div><\/div><\/div><\/div><\/section>\n","protected":false},"excerpt":{"rendered":"\u201cIt\u2019s a pleasure to work with VOODOO. In this difficult time, when there is a significant shortage of good employees on the market, especially in the area of sales, it is very important to have a partner, who can find the right employee for you in a professional way! Working with VOODOO\u00a0feels great behind us,...","protected":false},"author":3,"featured_media":0,"parent":0,"menu_order":0,"comment_status":"closed","ping_status":"closed","template":"","meta":{"inline_featured_image":false},"acf":[],"_links":{"self":[{"href":"https:\/\/www.voodoo.lt\/en\/wp-json\/wp\/v2\/pages\/73485"}],"collection":[{"href":"https:\/\/www.voodoo.lt\/en\/wp-json\/wp\/v2\/pages"}],"about":[{"href":"https:\/\/www.voodoo.lt\/en\/wp-json\/wp\/v2\/types\/page"}],"author":[{"embeddable":true,"href":"https:\/\/www.voodoo.lt\/en\/wp-json\/wp\/v2\/users\/3"}],"replies":[{"embeddable":true,"href":"https:\/\/www.voodoo.lt\/en\/wp-json\/wp\/v2\/comments?post=73485"}],"version-history":[{"count":20,"href":"https:\/\/www.voodoo.lt\/en\/wp-json\/wp\/v2\/pages\/73485\/revisions"}],"predecessor-version":[{"id":73750,"href":"https:\/\/www.voodoo.lt\/en\/wp-json\/wp\/v2\/pages\/73485\/revisions\/73750"}],"wp:attachment":[{"href":"https:\/\/www.voodoo.lt\/en\/wp-json\/wp\/v2\/media?parent=73485"}],"curies":[{"name":"wp","href":"https:\/\/api.w.org\/{rel}","templated":true}]}}